{"id":65,"date":"2025-10-26T16:39:48","date_gmt":"2025-10-26T16:39:48","guid":{"rendered":"https:\/\/lukastschanz.ch\/?page_id=65"},"modified":"2026-02-17T15:38:07","modified_gmt":"2026-02-17T15:38:07","slug":"lukas-tschanz","status":"publish","type":"page","link":"https:\/\/lukastschanz.ch\/","title":{"rendered":"Lukas Tschanz"},"content":{"rendered":"\n<p class=\"has-text-align-center has-medium-font-size\">S\u00e4nger und Gitarrist<\/p>\n\n\n\n<figure class=\"wp-block-image size-large\"><img loading=\"lazy\" decoding=\"async\" width=\"683\" height=\"1024\" src=\"https:\/\/lukastschanz.ch\/wp-content\/uploads\/2025\/09\/MG_2317-1-683x1024.jpg\" alt=\"\" class=\"wp-image-43\" srcset=\"https:\/\/lukastschanz.ch\/wp-content\/uploads\/2025\/09\/MG_2317-1-683x1024.jpg 683w, https:\/\/lukastschanz.ch\/wp-content\/uploads\/2025\/09\/MG_2317-1-200x300.jpg 200w, https:\/\/lukastschanz.ch\/wp-content\/uploads\/2025\/09\/MG_2317-1-768x1152.jpg 768w, https:\/\/lukastschanz.ch\/wp-content\/uploads\/2025\/09\/MG_2317-1-1024x1536.jpg 1024w, https:\/\/lukastschanz.ch\/wp-content\/uploads\/2025\/09\/MG_2317-1-1365x2048.jpg 1365w, https:\/\/lukastschanz.ch\/wp-content\/uploads\/2025\/09\/MG_2317-1-940x1410.jpg 940w, https:\/\/lukastschanz.ch\/wp-content\/uploads\/2025\/09\/MG_2317-1.jpg 1533w\" sizes=\"auto, (max-width: 683px) 100vw, 683px\" \/><\/figure>\n\n\n\n<h3 class=\"wp-block-heading\">Biografie<\/h3>\n\n\n\n<p>Nach drei Jahren Blockfl\u00f6ten-Terror und nachdem meine Eltern bereits jegliche Hoffnung aufgegeben hatten, packte mich mit etwa 10 Jahren pl\u00f6tzlich das Musikfieber\u2026<\/p>\n\n\n\n<p>Zuerst kam die Gitarre, dann das Singen, dann erste Bands, dann Musikschule, dann<br>Musiklehrer und dann das eigene Musikgesch\u00e4ft.<\/p>\n\n\n\n<p>Der Job hat sich inzwischen ver\u00e4ndert \u2013 das Fieber aber, hat mich bis Heute nicht verlassen&#8230;<\/p>\n\n\n\n<p>Meine Musik ist meistens akustisch, manchmal auch mit etwas \u201eDr\u00e4ck\u201c im Getriebe.<\/p>\n\n\n\n<p>Fasziniert hat mich immer alles, was nahe an der Wurzel ist, nahe am Herz und nahe am Ursprung.<\/p>\n\n\n\n<p>So sind meine Auftritte gepr\u00e4gt von Blues, Soul und Americana, gew\u00fcrzt mit etwas Pop und Akustik Jazz, und das Ganze abgeschmeckt mit einer Prise Schweizer Alpenmusik und einigen Berndeutschen Texten.<\/p>\n\n\n\nngg_shortcode_0_placeholder\n\n\n\n<hr class=\"wp-block-separator has-alpha-channel-opacity\"\/>\n\n\n<div class=\"wp-block-image\">\n<figure class=\"aligncenter size-full is-resized\" id=\"hot-mojo\"><a href=\"https:\/\/hotmojo.ch\" target=\"_blank\" rel=\" noreferrer noopener\"><img loading=\"lazy\" decoding=\"async\" width=\"240\" height=\"240\" src=\"https:\/\/lukastschanz.ch\/wp-content\/uploads\/2025\/11\/VK_55x55cm.png\" alt=\"\" class=\"wp-image-215\" style=\"width:230px;height:auto\" srcset=\"https:\/\/lukastschanz.ch\/wp-content\/uploads\/2025\/11\/VK_55x55cm.png 240w, https:\/\/lukastschanz.ch\/wp-content\/uploads\/2025\/11\/VK_55x55cm-150x150.png 150w, https:\/\/lukastschanz.ch\/wp-content\/uploads\/2025\/11\/VK_55x55cm-80x80.png 80w\" sizes=\"auto, (max-width: 240px) 100vw, 240px\" \/><\/a><\/figure>\n<\/div>\n\n\n<p class=\"has-text-align-center\"><em><strong>Gipsy \u2013 Jazz meets Rythm \u2019n Blues<\/strong><\/em><\/p>\n\n\n\n<figure class=\"wp-block-image size-large\"><img loading=\"lazy\" decoding=\"async\" width=\"1024\" height=\"501\" src=\"https:\/\/lukastschanz.ch\/wp-content\/uploads\/2025\/10\/Band-1024x501.jpeg\" alt=\"\" class=\"wp-image-73\" srcset=\"https:\/\/lukastschanz.ch\/wp-content\/uploads\/2025\/10\/Band-1024x501.jpeg 1024w, https:\/\/lukastschanz.ch\/wp-content\/uploads\/2025\/10\/Band-300x147.jpeg 300w, https:\/\/lukastschanz.ch\/wp-content\/uploads\/2025\/10\/Band-768x376.jpeg 768w, https:\/\/lukastschanz.ch\/wp-content\/uploads\/2025\/10\/Band-1536x752.jpeg 1536w, https:\/\/lukastschanz.ch\/wp-content\/uploads\/2025\/10\/Band-940x460.jpeg 940w, https:\/\/lukastschanz.ch\/wp-content\/uploads\/2025\/10\/Band.jpeg 1600w\" sizes=\"auto, (max-width: 1024px) 100vw, 1024px\" \/><\/figure>\n\n\n\n<p><strong>G\u00f6nn dir G\u00e4nsehaut mit Hot Mojo: Gipsy \u2013 Jazz meets Rhythm \u2019n Blues. Ein mitrei\u00dfender Mix aus feurigem Gypsy-Swing und rauem Blues-Feeling \u2013 live, authentisch, unverwechselbar. Sp\u00fcre den Puls der B\u00fchne, h\u00f6r die Leidenschaft in jedem Ton und lass dich vom Groove tragen.<\/strong><\/p>\n\n\n\n<figure class=\"wp-block-embed is-type-video is-provider-youtube wp-block-embed-youtube wp-embed-aspect-9-16 wp-has-aspect-ratio\"><div class=\"wp-block-embed__wrapper\">\n<iframe loading=\"lazy\" title=\"Hot Mojo Demo\" width=\"563\" height=\"1000\" src=\"https:\/\/www.youtube.com\/embed\/HkTcb8aWDho?feature=oembed\" frameborder=\"0\" allow=\"accelerometer; autoplay; clipboard-write; encrypted-media; gyroscope; picture-in-picture; web-share\" referrerpolicy=\"strict-origin-when-cross-origin\" allowfullscreen><\/iframe>\n<\/div><\/figure>\n\n\n\n<ul class=\"wp-block-list\">\n<li>Lukas Tschanz: Vocals, Guitar<\/li>\n\n\n\n<li><a href=\"https:\/\/theokaenzig.ch\" target=\"_blank\" rel=\"noreferrer noopener\">Theo K\u00e4nzig: Guitar<\/a><\/li>\n\n\n\n<li>Michele Porto: Bass<\/li>\n\n\n\n<li><a href=\"https:\/\/chrishabegger.ch\" target=\"_blank\" rel=\"noreferrer noopener\">Chris Habegger: Fiddle, Harp<\/a><\/li>\n<\/ul>\n\n\n\n<p><strong>Hot Mojo,&nbsp;<\/strong>9. Mai 25 im B\u00e4rner Brocki<\/p>\n\n\n\n<figure class=\"wp-block-embed is-type-video is-provider-youtube wp-block-embed-youtube wp-embed-aspect-16-9 wp-has-aspect-ratio\"><div class=\"wp-block-embed__wrapper\">\n<iframe loading=\"lazy\" title=\"Blue Moon of Kentucki\" width=\"940\" height=\"529\" src=\"https:\/\/www.youtube.com\/embed\/hFKlwrE14nc?list=PLUu0ngIFaZJtV9nX8EnCPCzvU7KE2HW3L\" frameborder=\"0\" allow=\"accelerometer; autoplay; clipboard-write; encrypted-media; gyroscope; picture-in-picture; web-share\" referrerpolicy=\"strict-origin-when-cross-origin\" allowfullscreen><\/iframe>\n<\/div><\/figure>\n\n\n\n<figure class=\"wp-block-embed is-type-video is-provider-youtube wp-block-embed-youtube wp-embed-aspect-16-9 wp-has-aspect-ratio\"><div class=\"wp-block-embed__wrapper\">\n<iframe loading=\"lazy\" title=\"Minor Swing\" width=\"940\" height=\"529\" src=\"https:\/\/www.youtube.com\/embed\/51pvuB7L4sg?list=PLUu0ngIFaZJtV9nX8EnCPCzvU7KE2HW3L\" frameborder=\"0\" allow=\"accelerometer; autoplay; clipboard-write; encrypted-media; gyroscope; picture-in-picture; web-share\" referrerpolicy=\"strict-origin-when-cross-origin\" allowfullscreen><\/iframe>\n<\/div><\/figure>\n\n\n\n<hr class=\"wp-block-separator has-alpha-channel-opacity\"\/>\n\n\n\n<h1 class=\"wp-block-heading has-text-align-center has-large-font-size\" id=\"the-flat-caps\"><a href=\"#theflatcaps\">The Flat Caps<\/a><\/h1>\n\n\n\n<figure class=\"wp-block-embed is-type-video is-provider-youtube wp-block-embed-youtube wp-embed-aspect-16-9 wp-has-aspect-ratio\"><div class=\"wp-block-embed__wrapper\">\n<iframe loading=\"lazy\" title=\"The Flat Caps\" width=\"940\" height=\"529\" src=\"https:\/\/www.youtube.com\/embed\/wp60r3fLfMk?feature=oembed\" frameborder=\"0\" allow=\"accelerometer; autoplay; clipboard-write; encrypted-media; gyroscope; picture-in-picture; web-share\" referrerpolicy=\"strict-origin-when-cross-origin\" allowfullscreen><\/iframe>\n<\/div><\/figure>\n\n\n\n<p>Acoustic Music mit Joel Graf am Saxophon und Michele Porto am Kontrabass. Ideal f\u00fcr alle Anl\u00e4sse, wo Hintergrundmusik oder ein Konzertteil mit gehobenem Anspruch gew\u00fcnscht ist. (Ap\u00e9ro,Vernissagen, Diplomfeier, Hochzeit, Beerdigung, Events, u.s.w.)<\/p>\n\n\n\nngg_shortcode_1_placeholder\n\n\n\n<hr class=\"wp-block-separator has-alpha-channel-opacity\"\/>\n\n\n\n<h1 class=\"wp-block-heading has-text-align-center\" id=\"live\"><a href=\"#live\">Live<span style=\"font-size: revert; color: revert; font-weight: revert;\">&nbsp;<\/span><\/a><\/h1>\n\n\n\n<p><\/p>\n\n\n\n<ul class=\"wp-block-list\">\n<li><strong>Freitag, 6. M\u00e4rz 26, 18.00 \u2013 21.00 Uhr,\u00a0<a href=\"https:\/\/www.baernerbrocki.ch\/\" target=\"_blank\" rel=\"noreferrer noopener\">B\u00e4rner Brocki<\/a><\/strong><br><strong>mit <a href=\"https:\/\/hotmojo.ch\/\" target=\"_blank\" rel=\"noreferrer noopener\">Hot Mojo<\/a><\/strong><\/li>\n\n\n\n<li><strong>Samstag, 20. Juni 26, 10.00 &#8211; 17.00 Uhr, 40 Jahre GEWA, Grubenstrasse 22, Sch\u00f6nb\u00fchl<\/strong><br><strong>mit <a href=\"https:\/\/hotmojo.ch\/\" target=\"_blank\" rel=\"noreferrer noopener\">Hot Mojo<\/a><\/strong><\/li>\n<\/ul>\n\n\n\n<hr class=\"wp-block-separator has-alpha-channel-opacity\"\/>\n\n\n\n<h1 class=\"wp-block-heading has-text-align-center\" id=\"contact\"><a href=\"#Contact\">Contact<\/a><\/h1>\n\n\n\n<p class=\"has-medium-font-size\">Lukas Tschanz<\/p>\n\n\n\n<p>+41 79 278 44 21<br><a href=\"mailto:info@lukastschanz.ch\">info@lukastschanz.ch<\/a><br><a href=\"https:\/\/www.lukastschanz.ch\/\">www.lukastschanz.ch<\/a><\/p>\n\n\n\n<hr class=\"wp-block-separator has-alpha-channel-opacity\"\/>\n\n\n\n<p><\/p>\n","protected":false},"excerpt":{"rendered":"<p>S\u00e4nger und Gitarrist Biografie Nach drei Jahren Blockfl\u00f6ten-Terror und nachdem meine Eltern bereits jegliche Hoffnung aufgegeben hatten, packte mich mit etwa 10 Jahren pl\u00f6tzlich das Musikfieber\u2026 Zuerst kam die Gitarre, dann das Singen, dann erste Bands, dann Musikschule, dannMusiklehrer und dann das eigene Musikgesch\u00e4ft. Der Job hat sich inzwischen ver\u00e4ndert \u2013 das Fieber aber, hat [&hellip;]<\/p>\n","protected":false},"author":1,"featured_media":229,"parent":0,"menu_order":0,"comment_status":"closed","ping_status":"closed","template":"","meta":{"om_disable_all_campaigns":false,"_monsterinsights_skip_tracking":false,"_monsterinsights_sitenote_active":false,"_monsterinsights_sitenote_note":"","_monsterinsights_sitenote_category":0,"ngg_post_thumbnail":0,"footnotes":""},"class_list":["post-65","page","type-page","status-publish","has-post-thumbnail","hentry"],"aioseo_notices":[],"_links":{"self":[{"href":"https:\/\/lukastschanz.ch\/index.php?rest_route=\/wp\/v2\/pages\/65","targetHints":{"allow":["GET"]}}],"collection":[{"href":"https:\/\/lukastschanz.ch\/index.php?rest_route=\/wp\/v2\/pages"}],"about":[{"href":"https:\/\/lukastschanz.ch\/index.php?rest_route=\/wp\/v2\/types\/page"}],"author":[{"embeddable":true,"href":"https:\/\/lukastschanz.ch\/index.php?rest_route=\/wp\/v2\/users\/1"}],"replies":[{"embeddable":true,"href":"https:\/\/lukastschanz.ch\/index.php?rest_route=%2Fwp%2Fv2%2Fcomments&post=65"}],"version-history":[{"count":61,"href":"https:\/\/lukastschanz.ch\/index.php?rest_route=\/wp\/v2\/pages\/65\/revisions"}],"predecessor-version":[{"id":239,"href":"https:\/\/lukastschanz.ch\/index.php?rest_route=\/wp\/v2\/pages\/65\/revisions\/239"}],"wp:featuredmedia":[{"embeddable":true,"href":"https:\/\/lukastschanz.ch\/index.php?rest_route=\/wp\/v2\/media\/229"}],"wp:attachment":[{"href":"https:\/\/lukastschanz.ch\/index.php?rest_route=%2Fwp%2Fv2%2Fmedia&parent=65"}],"curies":[{"name":"wp","href":"https:\/\/api.w.org\/{rel}","templated":true}]}}